{"id":118,"date":"2021-11-10T03:00:07","date_gmt":"2021-11-10T00:00:07","guid":{"rendered":"https:\/\/www.hasanturhan.com.tr\/?page_id=118"},"modified":"2026-03-03T13:38:37","modified_gmt":"2026-03-03T10:38:37","slug":"contact","status":"publish","type":"page","link":"https:\/\/www.hasanturhan.com.tr\/en\/contact\/","title":{"rendered":"Contact"},"content":{"rendered":"<p><strong>Address:<\/strong> A\u015f\u0131k Veysel Mah, S\u00fcleyman Demirel Cd. No:1, 34517 Esenyurt\/\u0130stanbul<\/p>\n<p><strong>Phone:<\/strong> <a href=\"tel:+905334406568\">0533 440 65 68<\/a><\/p>\n<p><strong>Whatsapp:<\/strong> <a href=\"https:\/\/api.whatsapp.com\/send?phone=905334406568\" target=\"_blank\" rel=\"noopener\">0533 440 65 68<\/a><\/p>\n<p><strong>International Whatsapp:<\/strong> <a href=\"https:\/\/api.whatsapp.com\/send?phone=905301231238\" target=\"_blank\" rel=\"noopener\">0530 123 12 38<\/a><\/p>\n<p><strong>Internal Extension:<\/strong> <a href=\"tel:+902129794000\">+90 212 979 40 00 <\/a><\/p>\n<p><strong>E-Mail:<\/strong> info@hasanturhan.com.tr<\/p>\n<p><iframe loading=\"lazy\" style=\"border: 0;\" src=\"https:\/\/www.google.com\/maps\/embed?pb=!1m18!1m12!1m3!1d3008.5806846768164!2d28.669767415814032!3d41.05629797929582!2m3!1f0!2f0!3f0!3m2!1i1024!2i768!4f13.1!3m3!1m2!1s0x14b558a0ec45b47d%3A0x7d20f9384168951f!2s%C4%B0stinye%20%C3%9Cniversite%20Hastanesi!5e0!3m2!1str!2str!4v1636493010566!5m2!1str!2str\" width=\"100%\" height=\"400\" allowfullscreen=\"allowfullscreen\"><\/iframe><\/p>\n","protected":false},"excerpt":{"rendered":"<p>Address: A\u015f\u0131k Veysel Mah, S\u00fcleyman Demirel Cd. No:1, 34517 Esenyurt\/\u0130stanbul Phone: 0533 440 65 68 Whatsapp: 0533 440 65 68 International Whatsapp: 0530 123 12 38 Internal Extension: +90 212 979 40 00 E-Mail: info@hasanturhan.com.tr<\/p>\n","protected":false},"author":1,"featured_media":0,"parent":0,"menu_order":0,"comment_status":"closed","ping_status":"closed","template":"","meta":{"footnotes":""},"class_list":["post-118","page","type-page","status-publish","hentry"],"_links":{"self":[{"href":"https:\/\/www.hasanturhan.com.tr\/en\/wp-json\/wp\/v2\/pages\/118","targetHints":{"allow":["GET"]}}],"collection":[{"href":"https:\/\/www.hasanturhan.com.tr\/en\/wp-json\/wp\/v2\/pages"}],"about":[{"href":"https:\/\/www.hasanturhan.com.tr\/en\/wp-json\/wp\/v2\/types\/page"}],"author":[{"embeddable":true,"href":"https:\/\/www.hasanturhan.com.tr\/en\/wp-json\/wp\/v2\/users\/1"}],"replies":[{"embeddable":true,"href":"https:\/\/www.hasanturhan.com.tr\/en\/wp-json\/wp\/v2\/comments?post=118"}],"version-history":[{"count":7,"href":"https:\/\/www.hasanturhan.com.tr\/en\/wp-json\/wp\/v2\/pages\/118\/revisions"}],"predecessor-version":[{"id":417,"href":"https:\/\/www.hasanturhan.com.tr\/en\/wp-json\/wp\/v2\/pages\/118\/revisions\/417"}],"wp:attachment":[{"href":"https:\/\/www.hasanturhan.com.tr\/en\/wp-json\/wp\/v2\/media?parent=118"}],"curies":[{"name":"wp","href":"https:\/\/api.w.org\/{rel}","templated":true}]}}