{"id":113,"date":"2021-11-10T02:49:19","date_gmt":"2021-11-09T23:49:19","guid":{"rendered":"https:\/\/www.hasanturhan.com.tr\/?page_id=113"},"modified":"2026-03-03T13:40:50","modified_gmt":"2026-03-03T10:40:50","slug":"prof-dr-hasan-turhan","status":"publish","type":"page","link":"https:\/\/www.hasanturhan.com.tr\/en\/prof-dr-hasan-turhan\/","title":{"rendered":"Prof. Dr. Hasan TURHAN"},"content":{"rendered":"<h3>Head of the Department of Cardiology, Istinye University<\/h3>\n<p><b>Prof. Dr. Hasan Turhan, Specialist in Cardiology and Cardiovascular Diseases,<\/b> completed his primary and secondary education in Samsun. He received his medical degree from Marmara University Faculty of Medicine between 1990 and 1997. In 2003, he completed his cardiology residency at Ankara High Specialization Training and Research Hospital and became a cardiology specialist. He began his academic career at \u0130n\u00f6n\u00fc University Faculty of Medicine, Department of Cardiology, in 2004 and left this position in 2008. He currently continues to serve at Istinye University Hospital.<\/p>\n<p><strong>Education<\/strong><\/p>\n<p>1. Medical Education: Marmara University, Faculty of Medicine, English Program (1990\u20131997, Istanbul)<br \/>\n2. Cardiology Residency: High Specialization Training and Research Hospital, Department of Cardiology (1998\u20132003, Ankara)<br \/>\n3. G\u00fclhane Military Medical Academy, Department of Cardiology (2004\u20132005, Ankara)<br \/>\n4. University of Zurich, Department of Cardiology, Division of Rhythmology (March 2007, Switzerland)<\/p>\n<p><strong>Professional Experience<\/strong><\/p>\n<p>1. Cardiologist: T\u00fcrkiye High Specialization Training and Research Hospital, Cardiology Clinic, Ankara (2003\u20132004)<br \/>\n2. Assistant Professor: \u0130n\u00f6n\u00fc University Faculty of Medicine, Department of Cardiology, Malatya (2004\u20132006)<br \/>\n3. Associate Professor: \u0130n\u00f6n\u00fc University Faculty of Medicine, Department of Cardiology, Malatya (2006\u20132008)<br \/>\n4. G\u00f6zde Health Group, G\u00f6zde Hospital, Cardiology Clinic, Malatya (2010\u20132011)<br \/>\n5. Medical Park Gaziantep Hospital, Cardiology Clinic, Gaziantep (2012\u20132016)<br \/>\n6. Medical Park Samsun Hospital, Cardiology Clinic, Samsun (2016)<br \/>\n7. Professor: Bah\u00e7e\u015fehir University Faculty of Medicine, Department of Cardiology, Istanbul (2014\u2013Present)<br \/>\n8. Istinye University Hospital, Cardiology Clinic, Istanbul (December 2016\u2013Present)<\/p>\n<h3>Procedures Actively Performed<\/h3>\n<p><strong>Areas of Expertise<\/strong><\/p>\n<p>-Echocardiography (Transthoracic and Transesophageal)<br \/>\n-Diagnostic Coronary Angiography (Femoral and Radial)<br \/>\n-Cardiac Catheterization and Hemodynamic Assessment<br \/>\n-Percutaneous Coronary Interventions (Balloon Angioplasty and Stent Implantation)<br \/>\n-Intracoronary Hemodynamic Studies<br \/>\n-IVUS<br \/>\n-Electrophysiology Study<br \/>\n-Radiofrequency Catheter Ablation<br \/>\n-Cryoablation<br \/>\n-Permanent Pacemaker Implantation<br \/>\n-ICD Implantation<br \/>\n-CRT Implantation<br \/>\n-Percutaneous ASD and VSD Closure<br \/>\n-Percutaneous Mitral and Pulmonary Balloon Valvuloplasty<br \/>\n-Transcatheter Aortic Valve Implantation (TAVI)<br \/>\n-EVAR, TEVAR<br \/>\n-Peripheral Vascular Interventions (Upper and Lower Extremities)<br \/>\n-Renal Artery Interventions<br \/>\n-Carotid Artery Balloon and Stent Implantation<br \/>\n-Renal Artery Denervation<\/p>\n<h3>Published Bulletins and News<\/h3>\n<p><a class=\"external\" href=\"https:\/\/www.milliyet.com.tr\/yerel-haberler\/gaziantep\/narkoz-dan-turhan-a-yilin-doktoru-odulu-11312917\" target=\"_blank\" rel=\"noopener\"><b>Milliyet<\/b> Award of the Year \u2013 Prof. Dr. Hasan Turhan.<br \/>\n<\/a><br \/>\n<a class=\"external\" href=\"https:\/\/www.ntv.com.tr\/saglik\/kalbi-bitiren-ucgen-tuz-seker-hareketsizlik,3ss9AoO-uUyl3nREePkLtQ\" target=\"_blank\" rel=\"noopener\"><b>NTV<\/b> The Triangle That Damages the Heart: Salt, Sugar, Inactivity<br \/>\n<\/a><br \/>\n<a class=\"external\" href=\"https:\/\/www.haberturk.com\/video\/saglik\/izle\/ritim-bozuklugu-nedir-nasil-tedavi-edilir\/658353\" target=\"_blank\" rel=\"noopener\"><b>HaberT\u00fcrk<\/b> What Is Heart Rhythm Disorder and How Is It Treated?<br \/>\n<\/a><br \/>\n<a class=\"external\" href=\"https:\/\/www.dha.com.tr\/saglikyasam\/kalp-hastalari-ramazanda-uc-ogun-yemeli\/haber-1768300\" target=\"_blank\" rel=\"noopener\"><b>DHA<\/b> Heart Patients Should Eat Three Meals During Ramadan<br \/>\n<\/a><br \/>\n<a class=\"external\" href=\"https:\/\/www.sabah.com.tr\/galeri\/saglik\/kalbi-bitiren-aliskanliklar\/\" target=\"_blank\" rel=\"noopener\"><b>Sabah<\/b> Habits That Harm the Heart<br \/>\n<\/a><br \/>\n<a class=\"external\" href=\"https:\/\/www.cnnturk.com\/saglik\/kalbi-bitiren-aliskanliklar?page=3\" target=\"_blank\" rel=\"noopener\"><b>CNNT\u00fcrk<\/b> Habits That Harm the Heart<br \/>\n<\/a><br \/>\n<a class=\"external\" href=\"https:\/\/www.haberler.com\/narkoz-dan-turhan-a-yilin-doktoru-odulu-8345810-haberi\/\" target=\"_blank\" rel=\"noopener\"><b>Haberler.com<\/b> Doctor of the Year Award to Turhan<br \/>\n<\/a><br \/>\n<a class=\"external\" href=\"https:\/\/www.sondakika.com\/haber\/haber-narkoz-dan-turhan-a-yilin-doktoru-odulu-8345810\/\" target=\"_blank\" rel=\"noopener\"><b>SonDakika.com<\/b> Doctor of the Year Award to Turhan<br \/>\n<\/a><br \/>\n<a class=\"external\" href=\"https:\/\/www.iha.com.tr\/gaziantep-haberleri\/narkozdan-turhana-yilin-doktoru-odulu-1361038\/\" target=\"_blank\" rel=\"noopener\"><b>IHA<\/b> Doctor of the Year Award to Turhan<\/a><\/p>\n<h3>Academic Publications<\/h3>\n","protected":false},"excerpt":{"rendered":"<p>Head of the Department of Cardiology, Istinye University Prof. Dr. Hasan Turhan, Specialist in Cardiology and Cardiovascular Diseases, completed his primary and secondary education in Samsun. He received his medical degree from Marmara University Faculty of Medicine between 1990 and 1997. In 2003, he completed his cardiology residency at Ankara High Specialization Training and Research [&hellip;]<\/p>\n","protected":false},"author":1,"featured_media":224,"parent":0,"menu_order":0,"comment_status":"closed","ping_status":"closed","template":"","meta":{"footnotes":""},"class_list":["post-113","page","type-page","status-publish","has-post-thumbnail","hentry"],"_links":{"self":[{"href":"https:\/\/www.hasanturhan.com.tr\/en\/wp-json\/wp\/v2\/pages\/113","targetHints":{"allow":["GET"]}}],"collection":[{"href":"https:\/\/www.hasanturhan.com.tr\/en\/wp-json\/wp\/v2\/pages"}],"about":[{"href":"https:\/\/www.hasanturhan.com.tr\/en\/wp-json\/wp\/v2\/types\/page"}],"author":[{"embeddable":true,"href":"https:\/\/www.hasanturhan.com.tr\/en\/wp-json\/wp\/v2\/users\/1"}],"replies":[{"embeddable":true,"href":"https:\/\/www.hasanturhan.com.tr\/en\/wp-json\/wp\/v2\/comments?post=113"}],"version-history":[{"count":4,"href":"https:\/\/www.hasanturhan.com.tr\/en\/wp-json\/wp\/v2\/pages\/113\/revisions"}],"predecessor-version":[{"id":419,"href":"https:\/\/www.hasanturhan.com.tr\/en\/wp-json\/wp\/v2\/pages\/113\/revisions\/419"}],"wp:featuredmedia":[{"embeddable":true,"href":"https:\/\/www.hasanturhan.com.tr\/en\/wp-json\/wp\/v2\/media\/224"}],"wp:attachment":[{"href":"https:\/\/www.hasanturhan.com.tr\/en\/wp-json\/wp\/v2\/media?parent=113"}],"curies":[{"name":"wp","href":"https:\/\/api.w.org\/{rel}","templated":true}]}}